{"id":21409,"date":"2016-02-04T19:32:47","date_gmt":"2016-02-04T19:32:47","guid":{"rendered":"http:\/\/nethillpro.hu\/en\/?page_id=21409"},"modified":"2021-03-08T18:39:22","modified_gmt":"2021-03-08T18:39:22","slug":"home","status":"publish","type":"page","link":"https:\/\/nethillpro.hu\/en\/","title":{"rendered":"Home"},"content":{"rendered":"<p>[vc_row row_type=&#8221;row&#8221; use_row_as_full_screen_section=&#8221;no&#8221; type=&#8221;full_width&#8221; anchor=&#8221;ceg&#8221; text_align=&#8221;left&#8221; background_color=&#8221;#ffffff&#8221; css_animation=&#8221;&#8221;][vc_column][vc_row_inner row_type=&#8221;row&#8221; type=&#8221;grid&#8221; use_row_as_full_screen_section_slide=&#8221;no&#8221; text_align=&#8221;left&#8221; background_color=&#8221;#ffffff&#8221; padding_top=&#8221;80&#8243; padding_bottom=&#8221;80&#8243; css_animation=&#8221;&#8221;][vc_column_inner][vc_column_text]<\/p>\n<h4 style=\"text-align: center;\">Our company<\/h4>\n<p>[\/vc_column_text][vc_separator type=&#8221;transparent&#8221; border_style=&#8221;&#8221; up=&#8221;20&#8243; down=&#8221;0&#8243;][vc_column_text]<\/p>\n<h2 style=\"text-align: center;\">Welcome on Nehtill Pro Ltd&#8217;s webpage!<\/h2>\n<p>[\/vc_column_text][vc_separator type=&#8221;transparent&#8221; border_style=&#8221;&#8221; up=&#8221;40&#8243; down=&#8221;0&#8243;][vc_column_text]<\/p>\n<p style=\"text-align: center;\">Our company, NETHILL PRO Kft., was established in 2009.<br \/>\nOur associates have more than 15 years of experience in company management, trade and production.<br \/>\nThe main objective of establishing the company was to provide assistance to our various manufacturing, distribution and trading partners through our years of experience and extensive network of contacts.<br \/>\nWe have considerable experience in the production and sale of both regular and gluten-free bakery products. In 2020 we set up an entirely new plant dedicated only to our gluten-free products.<\/p>\n<p>[\/vc_column_text][\/vc_column_inner][\/vc_row_inner][\/vc_column][\/vc_row][vc_row row_type=&#8221;row&#8221; use_row_as_full_screen_section=&#8221;no&#8221; type=&#8221;full_width&#8221; text_align=&#8221;left&#8221; background_color=&#8221;#dddddd&#8221; padding_top=&#8221;75&#8243; padding_bottom=&#8221;35&#8243; css_animation=&#8221;&#8221;][vc_column][vc_row_inner row_type=&#8221;row&#8221; type=&#8221;grid&#8221; use_row_as_full_screen_section_slide=&#8221;no&#8221; text_align=&#8221;left&#8221; css_animation=&#8221;&#8221;][vc_column_inner width=&#8221;1\/3&#8243;]<span class=\"fa-stack q_icon_shortcode q_font_awsome_icon_holder q_font_awsome_icon_circle fa-4x pull-center q_icon_animation\" style=\"color: #53b6e6;background-color: #262626; \"><i class=\"fa fa-line-chart\"><\/i><\/span>[vc_separator type=&#8221;transparent&#8221; border_style=&#8221;&#8221; up=&#8221;30&#8243; down=&#8221;0&#8243;][vc_column_text]<\/p>\n<h5 style=\"text-align: center;\">Company management<\/h5>\n<p>[\/vc_column_text][vc_separator type=&#8221;transparent&#8221; border_style=&#8221;&#8221; up=&#8221;20&#8243; down=&#8221;0&#8243;][vc_column_text]<\/p>\n<p style=\"text-align: center;\">In many cases, our cooperation also extends to the procurement of raw materials, production technology as well as logistical assistance.<\/p>\n<p>[\/vc_column_text][vc_separator type=&#8221;transparent&#8221; border_style=&#8221;&#8221; up=&#8221;40&#8243; down=&#8221;0&#8243;][\/vc_column_inner][vc_column_inner width=&#8221;1\/3&#8243;]<span class=\"fa-stack q_icon_shortcode q_font_awsome_icon_holder q_font_awsome_icon_circle fa-4x pull-center q_icon_animation\" style=\"color: #53b6e6;background-color: #262626; transition-delay: 300ms; -webkit-transition-delay: 300ms; -moz-transition-delay: 300ms; -o-transition-delay: 300ms;\"><i class=\"fa fa-globe\"><\/i><\/span>[vc_separator type=&#8221;transparent&#8221; border_style=&#8221;&#8221; up=&#8221;30&#8243; down=&#8221;0&#8243;][vc_column_text]<\/p>\n<h5 style=\"text-align: center;\">Trade<\/h5>\n<p>[\/vc_column_text][vc_separator type=&#8221;transparent&#8221; border_style=&#8221;&#8221; up=&#8221;20&#8243; down=&#8221;0&#8243;][vc_column_text]<\/p>\n<p style=\"text-align: center;\">Export- Import kapcsolatban vagyunk t\u00f6bb orsz\u00e1ggal. Kapcsolat-rendszer\u00fcnk \u00e1ltal seg\u00edts\u00e9get ny\u00fajtsunk k\u00fcl\u00f6nb\u00f6z\u0151 gy\u00e1rt\u00f3, forgalmaz\u00f3 illetve keresked\u0151 partnereinknek.<\/p>\n<p>[\/vc_column_text][vc_separator type=&#8221;transparent&#8221; border_style=&#8221;&#8221; up=&#8221;40&#8243; down=&#8221;0&#8243;][\/vc_column_inner][vc_column_inner width=&#8221;1\/3&#8243;]<span class=\"fa-stack q_icon_shortcode q_font_awsome_icon_holder q_font_awsome_icon_circle fa-4x pull-center q_icon_animation\" style=\"color: #53b6e6;background-color: #262626; transition-delay: 600ms; -webkit-transition-delay: 600ms; -moz-transition-delay: 600ms; -o-transition-delay: 600ms;\"><i class=\"fa fa-cogs\"><\/i><\/span>[vc_separator type=&#8221;transparent&#8221; border_style=&#8221;&#8221; up=&#8221;30&#8243; down=&#8221;0&#8243;][vc_column_text]<\/p>\n<h5 style=\"text-align: center;\">Production<\/h5>\n<p>[\/vc_column_text][vc_separator type=&#8221;transparent&#8221; border_style=&#8221;&#8221; up=&#8221;20&#8243; down=&#8221;0&#8243;][vc_column_text]<\/p>\n<p style=\"text-align: center;\">Based on market research, we select the products which can be manufactured in great quantity and outstanding quality using a given technology.<\/p>\n<p>[\/vc_column_text][vc_separator type=&#8221;transparent&#8221; border_style=&#8221;&#8221; up=&#8221;40&#8243; down=&#8221;0&#8243;][\/vc_column_inner][\/vc_row_inner][\/vc_column][\/vc_row][vc_row row_type=&#8221;row&#8221; use_row_as_full_screen_section=&#8221;no&#8221; type=&#8221;full_width&#8221; anchor=&#8221;partner&#8221; text_align=&#8221;left&#8221; background_color=&#8221;#ffffff&#8221; padding_bottom=&#8221;90&#8243; css_animation=&#8221;&#8221;][vc_column][vc_row_inner row_type=&#8221;row&#8221; type=&#8221;grid&#8221; use_row_as_full_screen_section_slide=&#8221;no&#8221; text_align=&#8221;left&#8221; padding_top=&#8221;80&#8243; padding_bottom=&#8221;30&#8243; css_animation=&#8221;&#8221;][vc_column_inner][vc_column_text]<\/p>\n<h2 style=\"text-align: center;\">Our partners<\/h2>\n<p>[\/vc_column_text][\/vc_column_inner][\/vc_row_inner][vc_row_inner row_type=&#8221;row&#8221; type=&#8221;grid&#8221; use_row_as_full_screen_section_slide=&#8221;no&#8221; text_align=&#8221;left&#8221; css_animation=&#8221;&#8221;][vc_column_inner width=&#8221;1\/2&#8243;][vc_column_text]<\/p>\n<h4 style=\"text-align: center;\"><span class=\"link2\">Domestic<\/span><\/h4>\n<p style=\"text-align: center;\">Belf\u00f6ldi partnereink kis \u00e9s nagykereskedelmi h\u00e1l\u00f3zatok, disztrib\u00fatorok, gy\u00e1rt\u00f3k. Az egy\u00fcttm\u0171k\u00f6d\u00e9s\u00fcnk kiterjed sok esetben az alapanyag-beszerz\u00e9sre \u00e9s a gy\u00e1rt\u00e1s-technol\u00f3gi\u00e1ra valamint a logisztikai seg\u00edts\u00e9gny\u00fajt\u00e1sra is.<\/p>\n<p>[\/vc_column_text][\/vc_column_inner][vc_column_inner width=&#8221;1\/2&#8243;][vc_column_text]<\/p>\n<h4 style=\"text-align: center;\">International<\/h4>\n<p style=\"text-align: center;\">Nemzetk\u00f6zi partnereink kereskedelmi l\u00e1ncok, nemzetk\u00f6zi kamarai k\u00e9pviseletek. Logisztikai koordin\u00e1ci\u00f3, ford\u00edt\u00e1s, idegennyelv\u0171 levelez\u00e9sek, t\u00e1rgyal\u00e1sok lebonyol\u00edt\u00e1sa.<\/p>\n<p>[\/vc_column_text][\/vc_column_inner][\/vc_row_inner][\/vc_column][\/vc_row][vc_row row_type=&#8221;row&#8221; use_row_as_full_screen_section=&#8221;no&#8221; type=&#8221;full_width&#8221; anchor=&#8221;szolg&#8221; text_align=&#8221;left&#8221; background_color=&#8221;#dddddd&#8221; padding_top=&#8221;70&#8243; css_animation=&#8221;&#8221;][vc_column][vc_column_text]<\/p>\n<h2 style=\"text-align: center;\">Our services<\/h2>\n<p>[\/vc_column_text][vc_row_inner row_type=&#8221;row&#8221; type=&#8221;grid&#8221; use_row_as_full_screen_section_slide=&#8221;no&#8221; text_align=&#8221;left&#8221; padding_top=&#8221;30&#8243; padding_bottom=&#8221;20&#8243; css_animation=&#8221;&#8221;][vc_column_inner width=&#8221;1\/2&#8243;]<div class='q_icon_with_title medium circle'><div class=\"icon_holder \" style=\" \"><div class=\"icon_holder_inner\"><span class=\"fa-stack fa-3x  custom-font\" style=\"color: #262626;border-color: #53b6e6;background-color: #53b6e6;\"><i class=\"icon_text_icon fa fa-globe fa-stack-1x\"><\/i><\/span><\/div><\/div><div class=\"icon_text_holder\" style=\"\"><div class=\"icon_text_inner\" style=\"\"><h4 class=\"icon_title\" style=\"\">K\u00fclkereskedelem<\/h4><p style=''>K\u00fclf\u00f6ldi kis \u00e9s nagykeresked\u0151k, gy\u00e1rt\u00f3k, term\u00e9kek disztib\u00faci\u00f3ja, logisztikai koordin\u00e1ci\u00f3, ford\u00edt\u00e1s, idegennyelv\u0171 levelez\u00e9sek, t\u00e1rgyal\u00e1sok lebonyol\u00edt\u00e1sa <\/p><\/div><\/div><\/div>[vc_separator type=&#8221;transparent&#8221; border_style=&#8221;&#8221; up=&#8221;30&#8243; down=&#8221;0&#8243;]<div class='q_icon_with_title medium circle'><div class=\"icon_holder \" style=\" \"><div class=\"icon_holder_inner\"><span class=\"fa-stack fa-3x  custom-font\" style=\"color: #262626;border-color: #53b6e6;background-color: #53b6e6;\"><i class=\"icon_text_icon fa fa-refresh fa-stack-1x\"><\/i><\/span><\/div><\/div><div class=\"icon_text_holder\" style=\"\"><div class=\"icon_text_inner\" style=\"\"><h4 class=\"icon_title\" style=\"\">Belkereskedelem<\/h4><p style=''>Belf\u00f6ldi kis \u00e9s nagykeresked\u0151k, \u00e9s gy\u00e1rt\u00f3k, term\u00e9kfejleszt\u00e9s, piaci bevezet\u00e9s. Az egy\u00fcttm\u0171k\u00f6d\u00e9s\u00fcnk kiterjed sok esetben az alapanyag-beszerz\u00e9sre \u00e9s a gy\u00e1rt\u00e1s-technol\u00f3gi\u00e1ra valamint a logisztikai seg\u00edts\u00e9gny\u00fajt\u00e1sra is.<\/p><\/div><\/div><\/div>[vc_separator type=&#8221;transparent&#8221; border_style=&#8221;&#8221; up=&#8221;30&#8243; down=&#8221;0&#8243;]<div class='q_icon_with_title medium circle'><div class=\"icon_holder \" style=\" \"><div class=\"icon_holder_inner\"><span class=\"fa-stack fa-3x  custom-font\" style=\"color: #262626;border-color: #53b6e6;background-color: #53b6e6;\"><i class=\"icon_text_icon fa fa-line-chart fa-stack-1x\"><\/i><\/span><\/div><\/div><div class=\"icon_text_holder\" style=\"\"><div class=\"icon_text_inner\" style=\"\"><h4 class=\"icon_title\" style=\"\">Marketing<\/h4><p style=''>Seg\u00edts\u00e9get ny\u00fajtunk kalak\u00edtani a megfelel\u0151 arculatot, marketing strat\u00e9gi\u00e1t.Csomagol\u00e1s-technol\u00f3gia, nyomdai grafika-el\u0151k\u00e9sz\u00edt\u00e9s. Hazai \u00e9s nemzetk\u00f6zi ki\u00e1ll\u00edt\u00e1sokon val\u00f3 r\u00e9szv\u00e9telek teljes k\u00f6r\u0171 lebonyol\u00edt\u00e1sa <\/p><\/div><\/div><\/div>[vc_separator type=&#8221;transparent&#8221; border_style=&#8221;&#8221; up=&#8221;30&#8243; down=&#8221;0&#8243;]<div class='q_icon_with_title medium circle'><div class=\"icon_holder \" style=\" \"><div class=\"icon_holder_inner\"><span class=\"fa-stack fa-3x  custom-font\" style=\"color: #262626;border-color: #53b6e6;background-color: #53b6e6;\"><i class=\"icon_text_icon fa fa-sitemap fa-stack-1x\"><\/i><\/span><\/div><\/div><div class=\"icon_text_holder\" style=\"\"><div class=\"icon_text_inner\" style=\"\"><h4 class=\"icon_title\" style=\"\">Piackutat\u00e1s<\/h4><p style=''>C\u00e9g\u00fcnk koplex piackutat\u00e1st v\u00e9gez \u00faj term\u00e9kek bevezet\u00e9se el\u0151tt, parntereink lehet\u0151s\u00e9g\u00e9hez igaz\u00edtjuk a term\u00e9kek gazdas\u00e1gos gy\u00e1rt\u00e1s\u00e1t, sz\u00e1ll\u00edt\u00e1s\u00e1t. <\/p><\/div><\/div><\/div>[vc_separator type=&#8221;transparent&#8221; border_style=&#8221;&#8221; up=&#8221;40&#8243; down=&#8221;0&#8243;][\/vc_column_inner][vc_column_inner width=&#8221;1\/2&#8243;][vc_single_image image=&#8221;21333&#8243; img_size=&#8221;full&#8221; alignment=&#8221;right&#8221; qode_css_animation=&#8221;&#8221;][\/vc_column_inner][\/vc_row_inner][\/vc_column][\/vc_row][vc_row row_type=&#8221;row&#8221; use_row_as_full_screen_section=&#8221;no&#8221; type=&#8221;full_width&#8221; text_align=&#8221;left&#8221; css_animation=&#8221;&#8221;][vc_column][vc_column_text]<\/p>\n<p>[\/vc_column_text][\/vc_column][\/vc_row][vc_row row_type=&#8221;row&#8221; use_row_as_full_screen_section=&#8221;no&#8221; type=&#8221;full_width&#8221; anchor=&#8221;kapcsolat&#8221; text_align=&#8221;left&#8221; background_color=&#8221;#ffffff&#8221; padding_top=&#8221;50&#8243; padding_bottom=&#8221;0&#8243; css_animation=&#8221;&#8221;][vc_column][vc_row_inner row_type=&#8221;row&#8221; type=&#8221;full_width&#8221; use_row_as_full_screen_section_slide=&#8221;no&#8221; text_align=&#8221;left&#8221; padding_bottom=&#8221;50&#8243; css_animation=&#8221;&#8221;][vc_column_inner][vc_column_text]<\/p>\n<h2 style=\"text-align: center;\">Contact<\/h2>\n<p>[\/vc_column_text][\/vc_column_inner][\/vc_row_inner][vc_row_inner row_type=&#8221;row&#8221; type=&#8221;grid&#8221; use_row_as_full_screen_section_slide=&#8221;no&#8221; text_align=&#8221;left&#8221; padding_bottom=&#8221;50&#8243; css_animation=&#8221;&#8221;][vc_column_inner width=&#8221;1\/6&#8243;]<span class=\"fa-stack q_icon_shortcode q_font_awsome_icon_holder q_font_awsome_icon_circle fa-3x pull-center q_icon_animation\" style=\"color: #53b6e6;background-color: #262626; \"><i class=\"fa fa-home\"><\/i><\/span>[vc_separator type=&#8221;transparent&#8221; border_style=&#8221;&#8221; up=&#8221;30&#8243; down=&#8221;0&#8243;][vc_column_text]<\/p>\n<h6 style=\"text-align: center;\"><strong>Nethill Pro Kft.<\/strong><\/h6>\n<p>[\/vc_column_text][\/vc_column_inner][vc_column_inner width=&#8221;1\/6&#8243;]<span class=\"fa-stack q_icon_shortcode q_font_awsome_icon_holder q_font_awsome_icon_circle fa-3x pull-center q_icon_animation\" style=\"color: #53b6e6;background-color: #262626; transition-delay: 300ms; -webkit-transition-delay: 300ms; -moz-transition-delay: 300ms; -o-transition-delay: 300ms;\"><i class=\"fa fa-map-marker\"><\/i><\/span>[vc_separator type=&#8221;transparent&#8221; border_style=&#8221;&#8221; up=&#8221;30&#8243; down=&#8221;0&#8243;][vc_column_text]<\/p>\n<h6 style=\"text-align: center;\"><strong>3300 Eger, K\u0151lyuk u. 4.<\/strong><\/h6>\n<p>[\/vc_column_text][\/vc_column_inner][vc_column_inner width=&#8221;1\/6&#8243;]<span class=\"fa-stack q_icon_shortcode q_font_awsome_icon_holder q_font_awsome_icon_circle fa-3x pull-center q_icon_animation\" style=\"color: #53b6e6;background-color: #262626; transition-delay: 600ms; -webkit-transition-delay: 600ms; -moz-transition-delay: 600ms; -o-transition-delay: 600ms;\"><i class=\"fa fa-phone\"><\/i><\/span>[vc_separator type=&#8221;transparent&#8221; border_style=&#8221;&#8221; up=&#8221;30&#8243; down=&#8221;0&#8243;][vc_column_text]<\/p>\n<h6 style=\"text-align: center;\"><strong>+36 36 234 5678<\/strong><\/h6>\n<p>[\/vc_column_text][\/vc_column_inner][vc_column_inner width=&#8221;1\/6&#8243;]<span class=\"fa-stack q_icon_shortcode q_font_awsome_icon_holder q_font_awsome_icon_circle fa-3x pull-center q_icon_animation\" style=\"color: #53b6e6;background-color: #262626; transition-delay: 900ms; -webkit-transition-delay: 900ms; -moz-transition-delay: 900ms; -o-transition-delay: 900ms;\"><i class=\"fa fa-print\"><\/i><\/span>[vc_separator type=&#8221;transparent&#8221; border_style=&#8221;&#8221; up=&#8221;30&#8243; down=&#8221;0&#8243;][vc_column_text]<\/p>\n<h6 style=\"text-align: center;\"><strong>+36 36 234 56 79<\/strong><\/h6>\n<p>[\/vc_column_text][\/vc_column_inner][vc_column_inner width=&#8221;1\/6&#8243;]<span class=\"fa-stack q_icon_shortcode q_font_awsome_icon_holder q_font_awsome_icon_circle fa-3x pull-center q_icon_animation\" style=\"color: #53b6e6;background-color: #262626; transition-delay: 1200ms; -webkit-transition-delay: 1200ms; -moz-transition-delay: 1200ms; -o-transition-delay: 1200ms;\"><i class=\"fa fa-envelope\"><\/i><\/span>[vc_separator type=&#8221;transparent&#8221; border_style=&#8221;&#8221; up=&#8221;30&#8243; down=&#8221;0&#8243;][vc_column_text]<\/p>\n<h6 style=\"text-align: center;\"><strong><a href=\"mailto:iroda@nethillpro.hu\">iroda@nethillpro.hu<\/a><\/strong><\/h6>\n<p>[\/vc_column_text][\/vc_column_inner][vc_column_inner width=&#8221;1\/6&#8243;]<span class=\"fa-stack q_icon_shortcode q_font_awsome_icon_holder q_font_awsome_icon_circle fa-3x pull-center q_icon_animation\" style=\" transition-delay: 1500ms; -webkit-transition-delay: 1500ms; -moz-transition-delay: 1500ms; -o-transition-delay: 1500ms;\"><i class=\"fa fa-adn\"><\/i><\/span>[vc_separator type=&#8221;transparent&#8221; border_style=&#8221;&#8221; up=&#8221;30&#8243; down=&#8221;0&#8243;][vc_column_text]<\/p>\n<h6 style=\"text-align: center;\"><strong>MEGB\u00cdZHAT\u00d3 C\u00c9G<br \/>\n2015<\/strong><\/h6>\n<p>[\/vc_column_text][\/vc_column_inner][\/vc_row_inner][vc_row_inner row_type=&#8221;row&#8221; type=&#8221;full_width&#8221; use_row_as_full_screen_section_slide=&#8221;no&#8221; text_align=&#8221;left&#8221; css_animation=&#8221;&#8221; el_class=&#8221;terkep&#8221;][vc_column_inner][vc_gmaps link=&#8221;#E-8_JTNDaWZyYW1lJTIwc3JjJTNEJTIyaHR0cHMlM0ElMkYlMkZ3d3cuZ29vZ2xlLmNvbSUyRm1hcHMlMkZlbWJlZCUzRnBiJTNEJTIxMW0xOCUyMTFtMTIlMjExbTMlMjExZDI2NzYuMzY1NTk4NzE0ODgxJTIxMmQyMC4zOTA2ODE1MTU1Njc1MzMlMjEzZDQ3Ljg3MTI0ODQ3OTIwMzAwNCUyMTJtMyUyMTFmMCUyMTJmMCUyMTNmMCUyMTNtMiUyMTFpMTAyNCUyMTJpNzY4JTIxNGYxMy4xJTIxM20zJTIxMW0yJTIxMXMweDQ3NDA5MmJkMWYyZjNjMjUlMjUzQTB4YjcxYmIyYTFlNzI4NzYwNCUyMTJ6UzhXUmJIbDFheUREdW5Rc0lFVm5aWElzSURNek1EQSUyMTVlMCUyMTNtMiUyMTFzaHUlMjEyc2h1JTIxNHYxNDUzOTE1ODU0MjAxJTIyJTIwd2lkdGglM0QlMjI2MDAlMjIlMjBoZWlnaHQlM0QlMjIyMDAlMjIlMjBmcmFtZWJvcmRlciUzRCUyMjAlMjIlMjBzdHlsZSUzRCUyMmJvcmRlciUzQTAlMjIlMjBhbGxvd2Z1bGxzY3JlZW4lM0UlM0MlMkZpZnJhbWUlM0U=&#8221; size=&#8221;350&#8243;][\/vc_column_inner][\/vc_row_inner][\/vc_column][\/vc_row]<\/p>\n","protected":false},"excerpt":{"rendered":"<p>[vc_row row_type=&#8221;row&#8221; use_row_as_full_screen_section=&#8221;no&#8221; type=&#8221;full_width&#8221; anchor=&#8221;ceg&#8221; text_align=&#8221;left&#8221; background_color=&#8221;#ffffff&#8221; css_animation=&#8221;&#8221;][vc_column][vc_row_inner row_type=&#8221;row&#8221; type=&#8221;grid&#8221; use_row_as_full_screen_section_slide=&#8221;no&#8221; text_align=&#8221;left&#8221; background_color=&#8221;#ffffff&#8221; padding_top=&#8221;80&#8243; padding_bottom=&#8221;80&#8243; css_animation=&#8221;&#8221;][vc_column_inner][vc_column_text] Our company [\/vc_column_text][vc_separator type=&#8221;transparent&#8221; border_style=&#8221;&#8221; up=&#8221;20&#8243; down=&#8221;0&#8243;][vc_column_text] Welcome on Nehtill Pro Ltd&#8217;s webpage! [\/vc_column_text][vc_separator type=&#8221;transparent&#8221; border_style=&#8221;&#8221; up=&#8221;40&#8243; down=&#8221;0&#8243;][vc_column_text] Our company, NETHILL PRO Kft., was established in 2009. Our associates&#8230;<\/p>\n","protected":false},"author":1,"featured_media":0,"parent":0,"menu_order":0,"comment_status":"open","ping_status":"open","template":"full_width.php","meta":{"footnotes":""},"_links":{"self":[{"href":"https:\/\/nethillpro.hu\/en\/wp-json\/wp\/v2\/pages\/21409"}],"collection":[{"href":"https:\/\/nethillpro.hu\/en\/wp-json\/wp\/v2\/pages"}],"about":[{"href":"https:\/\/nethillpro.hu\/en\/wp-json\/wp\/v2\/types\/page"}],"author":[{"embeddable":true,"href":"https:\/\/nethillpro.hu\/en\/wp-json\/wp\/v2\/users\/1"}],"replies":[{"embeddable":true,"href":"https:\/\/nethillpro.hu\/en\/wp-json\/wp\/v2\/comments?post=21409"}],"version-history":[{"count":6,"href":"https:\/\/nethillpro.hu\/en\/wp-json\/wp\/v2\/pages\/21409\/revisions"}],"predecessor-version":[{"id":21502,"href":"https:\/\/nethillpro.hu\/en\/wp-json\/wp\/v2\/pages\/21409\/revisions\/21502"}],"wp:attachment":[{"href":"https:\/\/nethillpro.hu\/en\/wp-json\/wp\/v2\/media?parent=21409"}],"curies":[{"name":"wp","href":"https:\/\/api.w.org\/{rel}","templated":true}]}}